{"id":86,"date":"2023-09-14T15:45:34","date_gmt":"2023-09-14T15:45:34","guid":{"rendered":"http:\/\/result-group.mediaworkers.de\/?page_id=86"},"modified":"2023-12-14T07:35:18","modified_gmt":"2023-12-14T07:35:18","slug":"bericht","status":"publish","type":"page","link":"https:\/\/result-group.com\/en\/report\/","title":{"rendered":"Report"},"content":{"rendered":"<div data-elementor-type=\"wp-page\" data-elementor-id=\"86\" class=\"elementor elementor-86\" data-elementor-post-type=\"page\">\n\t\t\t\t<div class=\"elementor-element elementor-element-c60b751 e-flex e-con-boxed e-con e-parent\" data-id=\"c60b751\" data-element_type=\"container\" data-e-type=\"container\">\n\t\t\t\t\t<div class=\"e-con-inner\">\n\t\t<div class=\"elementor-element elementor-element-7cecc8e e-flex e-con-boxed e-con e-child\" data-id=\"7cecc8e\" data-element_type=\"container\" data-e-type=\"container\">\n\t\t\t\t\t<div class=\"e-con-inner\">\n\t\t\t\t<div class=\"elementor-element elementor-element-0a9bc16 elementor-widget elementor-widget-text-editor\" data-id=\"0a9bc16\" data-element_type=\"widget\" data-e-type=\"widget\" data-widget_type=\"text-editor.default\">\n\t\t\t\t<div class=\"elementor-widget-container\">\n\t\t\t\t\t\t\t\t\t<p><a href=\"https:\/\/result-group.com\/en\/contact\/\">CONTACT<\/a> &gt; <span style=\"color: #0491ff;\">Report<\/span><\/p>\t\t\t\t\t\t\t\t<\/div>\n\t\t\t\t<\/div>\n\t\t\t\t\t<\/div>\n\t\t\t\t<\/div>\n\t\t<div class=\"elementor-element elementor-element-4b4b447 e-flex e-con-boxed e-con e-child\" data-id=\"4b4b447\" data-element_type=\"container\" data-e-type=\"container\" data-settings=\"{&quot;background_background&quot;:&quot;classic&quot;}\">\n\t\t\t\t\t<div class=\"e-con-inner\">\n\t\t<div class=\"elementor-element elementor-element-6cb7625 e-con-full e-flex e-con e-child\" data-id=\"6cb7625\" data-element_type=\"container\" data-e-type=\"container\" data-settings=\"{&quot;background_background&quot;:&quot;classic&quot;}\">\n\t\t\t\t<\/div>\n\t\t<div class=\"elementor-element elementor-element-ec2b999 e-con-full e-flex e-con e-child\" data-id=\"ec2b999\" data-element_type=\"container\" data-e-type=\"container\" data-settings=\"{&quot;background_background&quot;:&quot;classic&quot;}\">\n\t\t\t\t<div class=\"elementor-element elementor-element-37700d6 hgrad elementor-widget elementor-widget-heading\" data-id=\"37700d6\" data-element_type=\"widget\" data-e-type=\"widget\" data-widget_type=\"heading.default\">\n\t\t\t\t<div class=\"elementor-widget-container\">\n\t\t\t\t\t<h1 class=\"elementor-heading-title elementor-size-default\">Report<\/h1>\t\t\t\t<\/div>\n\t\t\t\t<\/div>\n\t\t<div class=\"elementor-element elementor-element-e9beb46 e-flex e-con-boxed e-con e-child\" data-id=\"e9beb46\" data-element_type=\"container\" data-e-type=\"container\">\n\t\t\t\t\t<div class=\"e-con-inner\">\n\t\t<div class=\"elementor-element elementor-element-a4ceaef e-flex e-con-boxed e-con e-child\" data-id=\"a4ceaef\" data-element_type=\"container\" data-e-type=\"container\">\n\t\t\t\t\t<div class=\"e-con-inner\">\n\t\t\t\t<div class=\"elementor-element elementor-element-5ab6c11 elementor-widget elementor-widget-text-editor\" data-id=\"5ab6c11\" data-element_type=\"widget\" data-e-type=\"widget\" data-widget_type=\"text-editor.default\">\n\t\t\t\t<div class=\"elementor-widget-container\">\n\t\t\t\t\t\t\t\t\t<p>Result Group is a Germany-based company committed to providing the highest quality services while adhering to the highest standards.<\/p><p>To support this, Result Group has developed procedures that allow employees, customers or third parties to submit complaints about possible violations of company policy, illegal behavior or other wrongdoing. Reports can be submitted by anyone at any time.<\/p><p>All reports will be treated confidentially and Result Group will endeavor to protect the identities of those involved.<\/p>\t\t\t\t\t\t\t\t<\/div>\n\t\t\t\t<\/div>\n\t\t\t\t<div class=\"elementor-element elementor-element-be5d0ad elementor-widget elementor-widget-text-editor\" data-id=\"be5d0ad\" data-element_type=\"widget\" data-e-type=\"widget\" data-widget_type=\"text-editor.default\">\n\t\t\t\t<div class=\"elementor-widget-container\">\n\t\t\t\t\t\t\t\t\t<p>Reports can be made in one of the following ways:<\/p><p>Personally to: Nicole Stern<br \/>By post: Nicole Stern<\/p><p>By email: reports@result-group.com<br \/>By telephone: +49 (0) 8801 88090 12, please speak to Nicole Stern<\/p><p>Alternatively, reporting can be done to a third party independent of the company:<\/p><p>Anton Schmucker<br \/>Mondscheinweg 25<br \/>80997 Munich<br \/>Germany<br \/>Telephone +49 (0)1761 4304350<br \/>datenschutzbeauftragter@asgd.de<\/p><p>Reports can be created using this form, which can be emailed or printed and mailed\/scanned.<\/p>\t\t\t\t\t\t\t\t<\/div>\n\t\t\t\t<\/div>\n\t\t\t\t<div class=\"elementor-element elementor-element-0c72567 productlist elementor-widget elementor-widget-text-editor\" data-id=\"0c72567\" data-element_type=\"widget\" data-e-type=\"widget\" data-widget_type=\"text-editor.default\">\n\t\t\t\t<div class=\"elementor-widget-container\">\n\t\t\t\t\t\t\t\t\t<p>Once a report is received, Result Group commits to:<\/p><ul><li>confirm receipt of the complaint in writing within 5 working days.<\/li><li>Immediate and impartial investigation of all allegations, taking into account customer and business confidentiality and data protection legislation.<\/li><li>Maintain secure records of the reports and the results of any subsequent investigations or disciplinary actions. Information relating to a report may be made available upon request from a relevant or competent authority.<\/li><li>cooperate with official investigations at all times.<\/li><li>take appropriate action following an investigation. Ensure that any person who makes a report in good faith is protected, to the extent possible, from subsequent repercussions or reprisals.<\/li><li>to keep those submitting reports informed of the progress of an investigation and planned remedial actions.<\/li><li>to exercise due care and ensure compliance with applicable national and international legislation, where applicable.<\/li><\/ul>\t\t\t\t\t\t\t\t<\/div>\n\t\t\t\t<\/div>\n\t\t\t\t\t<\/div>\n\t\t\t\t<\/div>\n\t\t\t\t\t<\/div>\n\t\t\t\t<\/div>\n\t\t\t\t<\/div>\n\t\t\t\t\t<\/div>\n\t\t\t\t<\/div>\n\t\t\t\t\t<\/div>\n\t\t\t\t<\/div>\n\t\t\t\t<\/div>","protected":false},"excerpt":{"rendered":"<p>KONTAKT &gt; Bericht Bericht Die Result Group ist ein in Deutschland ans\u00e4ssiges Unternehmen, das sich der Erbringung von Dienstleistungen h\u00f6chster Qualit\u00e4t unter Einhaltung h\u00f6chster Standards verschrieben hat. Um dies zu unterst\u00fctzen, hat Result Group Verfahren entwickelt, die es Mitarbeitern, Kunden oder Dritten erm\u00f6glichen, Beschwerden \u00fcber m\u00f6gliche Verst\u00f6\u00dfe gegen die Unternehmenspolitik, illegales Verhalten oder andere Missst\u00e4nde [&hellip;]<\/p>\n","protected":false},"author":2,"featured_media":0,"parent":0,"menu_order":0,"comment_status":"closed","ping_status":"closed","template":"","meta":{"_seopress_robots_primary_cat":"","_seopress_titles_title":"","_seopress_titles_desc":"","_seopress_robots_index":"","footnotes":""},"class_list":["post-86","page","type-page","status-publish"],"_links":{"self":[{"href":"https:\/\/result-group.com\/en\/wp-json\/wp\/v2\/pages\/86","targetHints":{"allow":["GET"]}}],"collection":[{"href":"https:\/\/result-group.com\/en\/wp-json\/wp\/v2\/pages"}],"about":[{"href":"https:\/\/result-group.com\/en\/wp-json\/wp\/v2\/types\/page"}],"author":[{"embeddable":true,"href":"https:\/\/result-group.com\/en\/wp-json\/wp\/v2\/users\/2"}],"replies":[{"embeddable":true,"href":"https:\/\/result-group.com\/en\/wp-json\/wp\/v2\/comments?post=86"}],"version-history":[{"count":0,"href":"https:\/\/result-group.com\/en\/wp-json\/wp\/v2\/pages\/86\/revisions"}],"wp:attachment":[{"href":"https:\/\/result-group.com\/en\/wp-json\/wp\/v2\/media?parent=86"}],"curies":[{"name":"wp","href":"https:\/\/api.w.org\/{rel}","templated":true}]}}