{"id":18126,"date":"2026-01-22T10:40:06","date_gmt":"2026-01-22T10:40:06","guid":{"rendered":"https:\/\/result-group.com\/?page_id=18126"},"modified":"2026-01-23T15:14:54","modified_gmt":"2026-01-23T15:14:54","slug":"axel-wochinger-sicherheitsexperte-medien","status":"publish","type":"page","link":"https:\/\/result-group.com\/en\/axel-wochinger-security-expert-media\/","title":{"rendered":"Axel Wochinger \u2013 Security Expert &amp; Media Partner"},"content":{"rendered":"<div data-elementor-type=\"wp-page\" data-elementor-id=\"18126\" class=\"elementor elementor-18126\" data-elementor-post-type=\"page\">\n\t\t\t\t<div class=\"elementor-element elementor-element-58dc71a e-flex e-con-boxed e-con e-parent\" data-id=\"58dc71a\" data-element_type=\"container\" data-e-type=\"container\">\n\t\t\t\t\t<div class=\"e-con-inner\">\n\t\t<div class=\"elementor-element elementor-element-e02acdb e-flex e-con-boxed e-con e-child\" data-id=\"e02acdb\" data-element_type=\"container\" data-e-type=\"container\">\n\t\t\t\t\t<div class=\"e-con-inner\">\n\t\t\t\t<div class=\"elementor-element elementor-element-7cce2d8 elementor-widget elementor-widget-text-editor\" data-id=\"7cce2d8\" data-element_type=\"widget\" data-e-type=\"widget\" data-widget_type=\"text-editor.default\">\n\t\t\t\t<div class=\"elementor-widget-container\">\n\t\t\t\t\t\t\t\t\t<p>COMPANY &gt; <span style=\"color: #0491ff;\">Interview partner<\/span><\/p>\t\t\t\t\t\t\t\t<\/div>\n\t\t\t\t<\/div>\n\t\t\t\t\t<\/div>\n\t\t\t\t<\/div>\n\t\t<div class=\"elementor-element elementor-element-8066b66 e-flex e-con-boxed e-con e-child\" data-id=\"8066b66\" data-element_type=\"container\" data-e-type=\"container\" data-settings=\"{&quot;background_background&quot;:&quot;classic&quot;}\">\n\t\t\t\t\t<div class=\"e-con-inner\">\n\t\t<div class=\"elementor-element elementor-element-c76a415 e-con-full e-flex e-con e-child\" data-id=\"c76a415\" data-element_type=\"container\" data-e-type=\"container\" data-settings=\"{&quot;background_background&quot;:&quot;classic&quot;}\">\n\t\t\t\t<\/div>\n\t\t<div class=\"elementor-element elementor-element-a644a39 e-con-full e-flex e-con e-child\" data-id=\"a644a39\" data-element_type=\"container\" data-e-type=\"container\" data-settings=\"{&quot;background_background&quot;:&quot;classic&quot;}\">\n\t\t\t\t<div class=\"elementor-element elementor-element-b0a76d3 hgrad elementor-widget elementor-widget-heading\" data-id=\"b0a76d3\" data-element_type=\"widget\" data-e-type=\"widget\" data-widget_type=\"heading.default\">\n\t\t\t\t<div class=\"elementor-widget-container\">\n\t\t\t\t\t<h2 class=\"elementor-heading-title elementor-size-default\">Axel Wochinger \u2013 Security expert for TV, press, radio and podcasts<\/h2>\t\t\t\t<\/div>\n\t\t\t\t<\/div>\n\t\t\t\t<div class=\"elementor-element elementor-element-d746d32 elementor-widget elementor-widget-text-editor\" data-id=\"d746d32\" data-element_type=\"widget\" data-e-type=\"widget\" data-widget_type=\"text-editor.default\">\n\t\t\t\t<div class=\"elementor-widget-container\">\n\t\t\t\t\t\t\t\t\t<p>Axel Wochinger is a distinguished security expert with international operational experience and managing director of <a href=\"https:\/\/result-group.com\/en\/company-profile\/\">Result Group GmbH \u2013 Global Risk and Crisis Management.<\/a><\/p><p>As <strong>media-savvy interview partner<\/strong> For security issues, he provides short-term support to journalists with initial and well-founded situation assessments, commentaries and background discussions \u2013 especially in the case of current security-relevant events and crisis situations.<\/p>\t\t\t\t\t\t\t\t<\/div>\n\t\t\t\t<\/div>\n\t\t\t\t<\/div>\n\t\t\t\t\t<\/div>\n\t\t\t\t<\/div>\n\t\t\t\t\t<\/div>\n\t\t\t\t<\/div>\n\t\t<div class=\"elementor-element elementor-element-91b690d e-con-full e-flex e-con e-parent\" data-id=\"91b690d\" data-element_type=\"container\" data-e-type=\"container\" data-settings=\"{&quot;background_background&quot;:&quot;classic&quot;}\">\n\t\t<div class=\"elementor-element elementor-element-313e3bf e-flex e-con-boxed e-con e-child\" data-id=\"313e3bf\" data-element_type=\"container\" data-e-type=\"container\" data-settings=\"{&quot;background_background&quot;:&quot;classic&quot;}\">\n\t\t\t\t\t<div class=\"e-con-inner\">\n\t\t<div class=\"elementor-element elementor-element-c7e8d48 e-con-full e-flex e-con e-child\" data-id=\"c7e8d48\" data-element_type=\"container\" data-e-type=\"container\">\n\t\t\t\t<div class=\"elementor-element elementor-element-19528e0 elementor-widget elementor-widget-heading\" data-id=\"19528e0\" data-element_type=\"widget\" data-e-type=\"widget\" data-widget_type=\"heading.default\">\n\t\t\t\t<div class=\"elementor-widget-container\">\n\t\t\t\t\t<h3 class=\"elementor-heading-title elementor-size-default\">Interview partners for security issues \u2013 TV, press, radio, podcasts<\/h3>\t\t\t\t<\/div>\n\t\t\t\t<\/div>\n\t\t\t\t<div class=\"elementor-element elementor-element-8c786cf elementor-widget elementor-widget-text-editor\" data-id=\"8c786cf\" data-element_type=\"widget\" data-e-type=\"widget\" data-widget_type=\"text-editor.default\">\n\t\t\t\t<div class=\"elementor-widget-container\">\n\t\t\t\t\t\t\t\t\t<p>Axel Wochinger is available at short notice for journalistic formats \u2013 whether live broadcast, background discussion or recorded interview.<\/p>\t\t\t\t\t\t\t\t<\/div>\n\t\t\t\t<\/div>\n\t\t\t\t<div class=\"elementor-element elementor-element-d22a829 elementor-widget elementor-widget-button\" data-id=\"d22a829\" data-element_type=\"widget\" data-e-type=\"widget\" data-widget_type=\"button.default\">\n\t\t\t\t<div class=\"elementor-widget-container\">\n\t\t\t\t\t\t\t\t\t<div class=\"elementor-button-wrapper\">\n\t\t\t\t\t<a class=\"elementor-button elementor-button-link elementor-size-sm\" href=\"mailto:presse@result-group.com?cc=wochinger@result-group.com\">\n\t\t\t\t\t\t<span class=\"elementor-button-content-wrapper\">\n\t\t\t\t\t\t\t\t\t<span class=\"elementor-button-text\">Request an interview now<\/span>\n\t\t\t\t\t<\/span>\n\t\t\t\t\t<\/a>\n\t\t\t\t<\/div>\n\t\t\t\t\t\t\t\t<\/div>\n\t\t\t\t<\/div>\n\t\t\t\t<\/div>\n\t\t<div class=\"elementor-element elementor-element-75c8a44 e-con-full e-flex e-con e-child\" data-id=\"75c8a44\" data-element_type=\"container\" data-e-type=\"container\" data-settings=\"{&quot;background_background&quot;:&quot;classic&quot;}\">\n\t\t\t\t<div class=\"elementor-element elementor-element-65a8f6d elementor-widget elementor-widget-spacer\" data-id=\"65a8f6d\" data-element_type=\"widget\" data-e-type=\"widget\" data-widget_type=\"spacer.default\">\n\t\t\t\t<div class=\"elementor-widget-container\">\n\t\t\t\t\t\t\t<div class=\"elementor-spacer\">\n\t\t\t<div class=\"elementor-spacer-inner\"><\/div>\n\t\t<\/div>\n\t\t\t\t\t\t<\/div>\n\t\t\t\t<\/div>\n\t\t\t\t<\/div>\n\t\t\t\t\t<\/div>\n\t\t\t\t<\/div>\n\t\t\t\t<\/div>\n\t\t<div class=\"elementor-element elementor-element-8352387 e-flex e-con-boxed e-con e-parent\" data-id=\"8352387\" data-element_type=\"container\" data-e-type=\"container\">\n\t\t\t\t\t<div class=\"e-con-inner\">\n\t\t<div class=\"elementor-element elementor-element-fe76327 e-flex e-con-boxed e-con e-child\" data-id=\"fe76327\" data-element_type=\"container\" data-e-type=\"container\" data-settings=\"{&quot;background_background&quot;:&quot;classic&quot;}\">\n\t\t\t\t\t<div class=\"e-con-inner\">\n\t\t<div class=\"elementor-element elementor-element-0af31fa e-con-full e-flex e-con e-child\" data-id=\"0af31fa\" data-element_type=\"container\" data-e-type=\"container\" data-settings=\"{&quot;background_background&quot;:&quot;classic&quot;}\">\n\t\t\t\t<\/div>\n\t\t<div class=\"elementor-element elementor-element-7f17046 e-con-full e-flex e-con e-child\" data-id=\"7f17046\" data-element_type=\"container\" data-e-type=\"container\" data-settings=\"{&quot;background_background&quot;:&quot;classic&quot;}\">\n\t\t<div class=\"elementor-element elementor-element-64454aa e-flex e-con-boxed e-con e-child\" data-id=\"64454aa\" data-element_type=\"container\" data-e-type=\"container\">\n\t\t\t\t\t<div class=\"e-con-inner\">\n\t\t\t\t<div class=\"elementor-element elementor-element-a9762ce elementor-widget elementor-widget-heading\" data-id=\"a9762ce\" data-element_type=\"widget\" data-e-type=\"widget\" data-widget_type=\"heading.default\">\n\t\t\t\t<div class=\"elementor-widget-container\">\n\t\t\t\t\t<h3 class=\"elementor-heading-title elementor-size-default\">Available at short notice for assessments of the security situation<\/h3>\t\t\t\t<\/div>\n\t\t\t\t<\/div>\n\t\t\t\t<div class=\"elementor-element elementor-element-a233b42 elementor-widget elementor-widget-text-editor\" data-id=\"a233b42\" data-element_type=\"widget\" data-e-type=\"widget\" data-widget_type=\"text-editor.default\">\n\t\t\t\t<div class=\"elementor-widget-container\">\n\t\t\t\t\t\t\t\t\t<p>Journalists can obtain short-term assessments of security-relevant developments from Axel Wochinger \u2013 fact-based, discreet and from the perspective of an internationally experienced security expert.<br \/><a href=\"https:\/\/result-group.com\/en\/references\/\">References and Case Studies<\/a>.<\/p>\t\t\t\t\t\t\t\t<\/div>\n\t\t\t\t<\/div>\n\t\t\t\t<div class=\"elementor-element elementor-element-4ba9f70 elementor-widget elementor-widget-heading\" data-id=\"4ba9f70\" data-element_type=\"widget\" data-e-type=\"widget\" data-widget_type=\"heading.default\">\n\t\t\t\t<div class=\"elementor-widget-container\">\n\t\t\t\t\t<h3 class=\"elementor-heading-title elementor-size-default\">Topics for interviews &amp; security comments<\/h3>\t\t\t\t<\/div>\n\t\t\t\t<\/div>\n\t\t\t\t<div class=\"elementor-element elementor-element-b797c52 elementor-widget elementor-widget-text-editor\" data-id=\"b797c52\" data-element_type=\"widget\" data-e-type=\"widget\" data-widget_type=\"text-editor.default\">\n\t\t\t\t<div class=\"elementor-widget-container\">\n\t\t\t\t\t\t\t\t\t<p>Axel Wochinger offers assessments on key security-related topics:<\/p>\t\t\t\t\t\t\t\t<\/div>\n\t\t\t\t<\/div>\n\t\t\t\t<div class=\"elementor-element elementor-element-fc25fa3 elementor-widget elementor-widget-text-editor\" data-id=\"fc25fa3\" data-element_type=\"widget\" data-e-type=\"widget\" data-widget_type=\"text-editor.default\">\n\t\t\t\t<div class=\"elementor-widget-container\">\n\t\t\t\t\t\t\t\t\t<ul>\n<li>\n<p>Current Terrorist Threat &amp; Emergency Planning<\/p>\n<\/li>\n<li>\n<p>Evacuations from crisis regions (e.g. Middle East, <a href=\"https:\/\/result-group.com\/en\/ukraine\/\">Ukraine<\/a>)<\/p>\n<\/li>\n<li>\n<p><a href=\"https:\/\/result-group.com\/en\/abroad-and-travel-safety\/#reiserisikomanagement\">Travel Safety &amp; Travel Risk Management<\/a><\/p>\n<\/li>\n<li>\n<p><a href=\"https:\/\/result-group.com\/en\/hacker-negotiations-when-cybercriminals-blackmail-companies\/\">Cyber attacks<\/a> &amp; Ransomware extortion<\/p>\n<\/li>\n<li>\n<p>Current security situation for companies &amp; business travelers<\/p>\n<\/li>\n<li>\n<p><a href=\"https:\/\/result-group.com\/en\/risk-map-2026\/\">Analysis of global threat situations<\/a> (e.g. with TRISAVO risk card)<\/p>\n<\/li>\n<\/ul>\t\t\t\t\t\t\t\t<\/div>\n\t\t\t\t<\/div>\n\t\t\t\t<div class=\"elementor-element elementor-element-6ac5a8a elementor-widget elementor-widget-heading\" data-id=\"6ac5a8a\" data-element_type=\"widget\" data-e-type=\"widget\" data-widget_type=\"heading.default\">\n\t\t\t\t<div class=\"elementor-widget-container\">\n\t\t\t\t\t<h3 class=\"elementor-heading-title elementor-size-default\">Brief profile \u2013 Security expert &amp; interview partner<\/h3>\t\t\t\t<\/div>\n\t\t\t\t<\/div>\n\t\t\t\t<div class=\"elementor-element elementor-element-c9c3232 elementor-widget elementor-widget-text-editor\" data-id=\"c9c3232\" data-element_type=\"widget\" data-e-type=\"widget\" data-widget_type=\"text-editor.default\">\n\t\t\t\t<div class=\"elementor-widget-container\">\n\t\t\t\t\t\t\t\t\t<ul><li><p>Managing Director of Result Group \u2013 international provider of global risk and crisis management<\/p><\/li><li><p>20+ years of experience in strategic and operational security consulting<\/p><\/li><li>Master&#039;s degree in international security policy<\/li><li><p>Regular contact person for editorial offices, specialist publishers and TV stations<\/p><\/li><li><p>Experience in assessing complex international security situations<\/p><\/li><\/ul>\t\t\t\t\t\t\t\t<\/div>\n\t\t\t\t<\/div>\n\t\t\t\t<div class=\"elementor-element elementor-element-627d8e7 elementor-align-left elementor-widget elementor-widget-button\" data-id=\"627d8e7\" data-element_type=\"widget\" data-e-type=\"widget\" data-widget_type=\"button.default\">\n\t\t\t\t<div class=\"elementor-widget-container\">\n\t\t\t\t\t\t\t\t\t<div class=\"elementor-button-wrapper\">\n\t\t\t\t\t<a class=\"elementor-button elementor-button-link elementor-size-sm\" href=\"https:\/\/result-group.com\/en\/axel-wochinger\/\">\n\t\t\t\t\t\t<span class=\"elementor-button-content-wrapper\">\n\t\t\t\t\t\t<span class=\"elementor-button-icon\">\n\t\t\t\t<i aria-hidden=\"true\" class=\"fas fa-chevron-circle-right\"><\/i>\t\t\t<\/span>\n\t\t\t\t\t\t\t\t\t<span class=\"elementor-button-text\">Learn more<\/span>\n\t\t\t\t\t<\/span>\n\t\t\t\t\t<\/a>\n\t\t\t\t<\/div>\n\t\t\t\t\t\t\t\t<\/div>\n\t\t\t\t<\/div>\n\t\t\t\t\t<\/div>\n\t\t\t\t<\/div>\n\t\t\t\t<\/div>\n\t\t\t\t\t<\/div>\n\t\t\t\t<\/div>\n\t\t\t\t\t<\/div>\n\t\t\t\t<\/div>\n\t\t<div class=\"elementor-element elementor-element-da60b6e e-flex e-con-boxed e-con e-parent\" data-id=\"da60b6e\" data-element_type=\"container\" data-e-type=\"container\">\n\t\t\t\t\t<div class=\"e-con-inner\">\n\t\t<div class=\"elementor-element elementor-element-18677be e-flex e-con-boxed e-con e-child\" data-id=\"18677be\" data-element_type=\"container\" data-e-type=\"container\" data-settings=\"{&quot;background_background&quot;:&quot;classic&quot;}\">\n\t\t\t\t\t<div class=\"e-con-inner\">\n\t\t<div class=\"elementor-element elementor-element-3913e31 e-con-full e-flex e-con e-child\" data-id=\"3913e31\" data-element_type=\"container\" data-e-type=\"container\" data-settings=\"{&quot;background_background&quot;:&quot;gradient&quot;}\">\n\t\t\t\t<div class=\"elementor-element elementor-element-15d16aa elementor-widget__width-auto elementor-widget-mobile__width-inherit elementor-widget elementor-widget-heading\" data-id=\"15d16aa\" data-element_type=\"widget\" data-e-type=\"widget\" data-widget_type=\"heading.default\">\n\t\t\t\t<div class=\"elementor-widget-container\">\n\t\t\t\t\t<h3 class=\"elementor-heading-title elementor-size-default\">Media experience \u2013 selection of published articles<\/h3>\t\t\t\t<\/div>\n\t\t\t\t<\/div>\n\t\t\t\t<\/div>\n\t\t\t\t\t<\/div>\n\t\t\t\t<\/div>\n\t\t<div class=\"elementor-element elementor-element-09b2a83 e-flex e-con-boxed e-con e-child\" data-id=\"09b2a83\" data-element_type=\"container\" data-e-type=\"container\" data-settings=\"{&quot;background_background&quot;:&quot;classic&quot;}\">\n\t\t\t\t\t<div class=\"e-con-inner\">\n\t\t<div class=\"elementor-element elementor-element-b85374e e-con-full e-flex e-con e-child\" data-id=\"b85374e\" data-element_type=\"container\" data-e-type=\"container\" data-settings=\"{&quot;background_background&quot;:&quot;classic&quot;}\">\n\t\t\t\t<div class=\"elementor-element elementor-element-0ef82a0 elementor-widget elementor-widget-video\" data-id=\"0ef82a0\" data-element_type=\"widget\" data-e-type=\"widget\" data-settings=\"{&quot;video_type&quot;:&quot;hosted&quot;,&quot;controls&quot;:&quot;yes&quot;}\" data-widget_type=\"video.default\">\n\t\t\t\t<div class=\"elementor-widget-container\">\n\t\t\t\t\t\t\t<div class=\"e-hosted-video elementor-wrapper elementor-open-inline\">\n\t\t\t\t\t<video class=\"elementor-video\" src=\"https:\/\/result-group.com\/site\/wp-content\/uploads\/galileo-pro7.mp4\" controls=\"\" preload=\"metadata\" controlslist=\"nodownload\" poster=\"https:\/\/result-group.com\/site\/wp-content\/uploads\/galileo-pro7.webp\"><\/video>\n\t\t\t\t<\/div>\n\t\t\t\t\t\t<\/div>\n\t\t\t\t<\/div>\n\t\t\t\t<\/div>\n\t\t<div class=\"elementor-element elementor-element-b3db2dd e-con-full e-flex e-con e-child\" data-id=\"b3db2dd\" data-element_type=\"container\" data-e-type=\"container\" data-settings=\"{&quot;background_background&quot;:&quot;gradient&quot;}\">\n\t\t\t\t<div class=\"elementor-element elementor-element-a90da89 elementor-widget__width-initial elementor-widget elementor-widget-text-editor\" data-id=\"a90da89\" data-element_type=\"widget\" data-e-type=\"widget\" data-widget_type=\"text-editor.default\">\n\t\t\t\t<div class=\"elementor-widget-container\">\n\t\t\t\t\t\t\t\t\t<h4>TV &amp; video formats:<\/h4><ul><li><strong>Galileo (Pro7)<\/strong>Interview on the global security situation, March 2023 \/ September 2025<\/li><li><strong>ARD, ZDF, RTL, ORF, Phoenix, Sat.1:<\/strong>\u00a0Assessments of terrorist attacks, evacuations, and cyber incidents<\/li><li><b>Phoenix TV:\u00a0<\/b><a style=\"color: #0491ff;\" href=\"https:\/\/www.youtube.com\/watch?v=B64FyrOK0HY&amp;t=26s\" target=\"_blank\" rel=\"noopener\">\u201eHow does Germany tick? \u2013 Hans-Werner Fittkau with Axel Wochinger on 15.09.17\u201c<\/a><\/li><\/ul><ul><li><b>SRF Swiss Television: <\/b><a style=\"color: #0491ff;\" href=\"https:\/\/www.youtube.com\/watch?v=FxcJ9A1OmiQ&amp;t=72s\" target=\"_blank\" rel=\"noopener\">\u201e&quot;The New Silk Road. Result Group Risk Minimization Abroad&quot;\u201c<\/a><\/li><\/ul><p>\u00a0<\/p><h4>Print &amp; Online:<\/h4><ul><li>Spiegel, Frankfurter Rundschau, Berliner Morgenpost, Manager Magazin \u2013 expert assessments on current security-related topics<\/li><\/ul><p>\u00a0<\/p><h4>Podcast (English):<\/h4><ul><li><em>Travel Risk Management \u2013 Talk&#039;n TRM with Bex Deadman<\/em> \u2013 \ud83c\udfa7\u00a0<a class=\"x_decorated-link\" style=\"color: #0491ff;\" href=\"https:\/\/result-group.com\/en\/podcast-episode-travel-risk-management\/\" target=\"_new\" rel=\"noopener\">Listen to the podcast<\/a><\/li><\/ul>\t\t\t\t\t\t\t\t<\/div>\n\t\t\t\t<\/div>\n\t\t\t\t<\/div>\n\t\t\t\t\t<\/div>\n\t\t\t\t<\/div>\n\t\t\t\t\t<\/div>\n\t\t\t\t<\/div>\n\t\t<div class=\"elementor-element elementor-element-cf7e430 e-flex e-con-boxed e-con e-parent\" data-id=\"cf7e430\" data-element_type=\"container\" data-e-type=\"container\">\n\t\t\t\t\t<div class=\"e-con-inner\">\n\t\t\t\t<div class=\"elementor-element elementor-element-f29c077 elementor-widget elementor-widget-button\" data-id=\"f29c077\" data-element_type=\"widget\" data-e-type=\"widget\" data-widget_type=\"button.default\">\n\t\t\t\t<div class=\"elementor-widget-container\">\n\t\t\t\t\t\t\t\t\t<div class=\"elementor-button-wrapper\">\n\t\t\t\t\t<a class=\"elementor-button elementor-button-link elementor-size-sm\" href=\"mailto:presse@result-group.com?cc=wochinger@result-group.com\" id=\"kontaktpresse\">\n\t\t\t\t\t\t<span class=\"elementor-button-content-wrapper\">\n\t\t\t\t\t\t\t\t\t<span class=\"elementor-button-text\">Request an interview now<\/span>\n\t\t\t\t\t<\/span>\n\t\t\t\t\t<\/a>\n\t\t\t\t<\/div>\n\t\t\t\t\t\t\t\t<\/div>\n\t\t\t\t<\/div>\n\t\t\t\t\t<\/div>\n\t\t\t\t<\/div>\n\t\t\t\t<\/div>","protected":false},"excerpt":{"rendered":"<p>UNTERNEHMEN &gt; Interviewpartner Axel Wochinger \u2013 Sicherheitsexperte f\u00fcr TV, Presse, Radio und Podcasts Axel Wochinger ist ein profilierter Sicherheitsexperte mit internationaler Einsatzerfahrung und Gesch\u00e4ftsf\u00fchrer der Result Group GmbH &#8211; Global Risk and Crisis Management. Als medienerfahrener Interviewpartner f\u00fcr Sicherheitsfragen unterst\u00fctzt er Journalisten kurzfristig bei ersten und fundierten Lageeinsch\u00e4tzungen, Kommentaren und Hintergrundgespr\u00e4chen \u2013 insbesondere bei aktuellen [&hellip;]<\/p>\n","protected":false},"author":1,"featured_media":6160,"parent":0,"menu_order":0,"comment_status":"closed","ping_status":"closed","template":"","meta":{"_seopress_robots_primary_cat":"","_seopress_titles_title":"Axel Wochinger \u2013 Sicherheitsexperte & Medienpartner","_seopress_titles_desc":"Axel Wochinger ist Sicherheitsexperte und erfahrener Interviewpartner f\u00fcr TV, Radio und Podcasts zu Sicherheits- und Krisenthemen.","_seopress_robots_index":"","footnotes":""},"class_list":["post-18126","page","type-page","status-publish","has-post-thumbnail"],"_links":{"self":[{"href":"https:\/\/result-group.com\/en\/wp-json\/wp\/v2\/pages\/18126","targetHints":{"allow":["GET"]}}],"collection":[{"href":"https:\/\/result-group.com\/en\/wp-json\/wp\/v2\/pages"}],"about":[{"href":"https:\/\/result-group.com\/en\/wp-json\/wp\/v2\/types\/page"}],"author":[{"embeddable":true,"href":"https:\/\/result-group.com\/en\/wp-json\/wp\/v2\/users\/1"}],"replies":[{"embeddable":true,"href":"https:\/\/result-group.com\/en\/wp-json\/wp\/v2\/comments?post=18126"}],"version-history":[{"count":201,"href":"https:\/\/result-group.com\/en\/wp-json\/wp\/v2\/pages\/18126\/revisions"}],"predecessor-version":[{"id":18483,"href":"https:\/\/result-group.com\/en\/wp-json\/wp\/v2\/pages\/18126\/revisions\/18483"}],"wp:featuredmedia":[{"embeddable":true,"href":"https:\/\/result-group.com\/en\/wp-json\/wp\/v2\/media\/6160"}],"wp:attachment":[{"href":"https:\/\/result-group.com\/en\/wp-json\/wp\/v2\/media?parent=18126"}],"curies":[{"name":"wp","href":"https:\/\/api.w.org\/{rel}","templated":true}]}}