{"id":14499,"date":"2024-02-07T14:12:57","date_gmt":"2024-02-07T14:12:57","guid":{"rendered":"https:\/\/result-group.eu\/?page_id=14499"},"modified":"2024-07-04T13:45:44","modified_gmt":"2024-07-04T13:45:44","slug":"risikokarte-2024","status":"publish","type":"page","link":"https:\/\/result-group.com\/en\/risk-map-2024-3\/","title":{"rendered":"Risk Map 2024"},"content":{"rendered":"<div data-elementor-type=\"wp-page\" data-elementor-id=\"14499\" class=\"elementor elementor-14499\" data-elementor-post-type=\"page\">\n\t\t\t\t<div class=\"elementor-element elementor-element-8d98edf e-flex e-con-boxed e-con e-parent\" data-id=\"8d98edf\" data-element_type=\"container\" data-e-type=\"container\">\n\t\t\t\t\t<div class=\"e-con-inner\">\n\t\t<div class=\"elementor-element elementor-element-20debb9 e-flex e-con-boxed e-con e-child\" data-id=\"20debb9\" data-element_type=\"container\" data-e-type=\"container\">\n\t\t\t\t\t<div class=\"e-con-inner\">\n\t\t\t\t<div class=\"elementor-element elementor-element-50b405f elementor-widget elementor-widget-text-editor\" data-id=\"50b405f\" data-element_type=\"widget\" data-e-type=\"widget\" data-widget_type=\"text-editor.default\">\n\t\t\t\t<div class=\"elementor-widget-container\">\n\t\t\t\t\t\t\t\t\t<p>SECURITY SOLUTIONS &gt; <span style=\"color: #0491ff;\">Risk Map 2024\u00a0<\/span><\/p>\t\t\t\t\t\t\t\t<\/div>\n\t\t\t\t<\/div>\n\t\t\t\t\t<\/div>\n\t\t\t\t<\/div>\n\t\t<div class=\"elementor-element elementor-element-19286ed e-flex e-con-boxed e-con e-child\" data-id=\"19286ed\" data-element_type=\"container\" data-e-type=\"container\" data-settings=\"{&quot;background_background&quot;:&quot;classic&quot;}\">\n\t\t\t\t\t<div class=\"e-con-inner\">\n\t\t<div class=\"elementor-element elementor-element-a2ba17d e-con-full e-flex e-con e-child\" data-id=\"a2ba17d\" data-element_type=\"container\" data-e-type=\"container\" data-settings=\"{&quot;background_background&quot;:&quot;classic&quot;}\">\n\t\t\t\t<\/div>\n\t\t<div class=\"elementor-element elementor-element-6f85e10 e-con-full e-flex e-con e-child\" data-id=\"6f85e10\" data-element_type=\"container\" data-e-type=\"container\" data-settings=\"{&quot;background_background&quot;:&quot;classic&quot;}\">\n\t\t\t\t<div class=\"elementor-element elementor-element-08aec65 hgrad elementor-widget elementor-widget-heading\" data-id=\"08aec65\" data-element_type=\"widget\" data-e-type=\"widget\" data-widget_type=\"heading.default\">\n\t\t\t\t<div class=\"elementor-widget-container\">\n\t\t\t\t\t<h1 class=\"elementor-heading-title elementor-size-default\">Risk Map 2024<\/h1>\t\t\t\t<\/div>\n\t\t\t\t<\/div>\n\t\t\t\t<div class=\"elementor-element elementor-element-9d6d4bf elementor-widget elementor-widget-text-editor\" data-id=\"9d6d4bf\" data-element_type=\"widget\" data-e-type=\"widget\" data-widget_type=\"text-editor.default\">\n\t\t\t\t<div class=\"elementor-widget-container\">\n\t\t\t\t\t\t\t\t\t<p>TRISAVO stands for protecting the health and safety of employees abroad. Since 2014, medium-sized companies, corporations and insurers have trusted in our expertise. In 2024 we will also publish the TRISAVO risk map together with our partners.<\/p>\t\t\t\t\t\t\t\t<\/div>\n\t\t\t\t<\/div>\n\t\t\t\t<\/div>\n\t\t\t\t\t<\/div>\n\t\t\t\t<\/div>\n\t\t\t\t\t<\/div>\n\t\t\t\t<\/div>\n\t\t<div class=\"elementor-element elementor-element-b108942 e-con-full e-flex e-con e-parent\" data-id=\"b108942\" data-element_type=\"container\" data-e-type=\"container\" data-settings=\"{&quot;background_background&quot;:&quot;classic&quot;}\">\n\t\t<div class=\"elementor-element elementor-element-01f2011 e-flex e-con-boxed e-con e-child\" data-id=\"01f2011\" data-element_type=\"container\" data-e-type=\"container\" data-settings=\"{&quot;background_background&quot;:&quot;classic&quot;}\">\n\t\t\t\t\t<div class=\"e-con-inner\">\n\t\t<div class=\"elementor-element elementor-element-fbff809 e-con-full e-flex e-con e-child\" data-id=\"fbff809\" data-element_type=\"container\" data-e-type=\"container\">\n\t\t\t\t<div class=\"elementor-element elementor-element-df1c8e4 elementor-widget elementor-widget-heading\" data-id=\"df1c8e4\" data-element_type=\"widget\" data-e-type=\"widget\" data-widget_type=\"heading.default\">\n\t\t\t\t<div class=\"elementor-widget-container\">\n\t\t\t\t\t<h2 class=\"elementor-heading-title elementor-size-default\">Travel Risk Management \u2013 Made in Germany<\/h2>\t\t\t\t<\/div>\n\t\t\t\t<\/div>\n\t\t\t\t<div class=\"elementor-element elementor-element-54de54e elementor-widget elementor-widget-text-editor\" data-id=\"54de54e\" data-element_type=\"widget\" data-e-type=\"widget\" data-widget_type=\"text-editor.default\">\n\t\t\t\t<div class=\"elementor-widget-container\">\n\t\t\t\t\t\t\t\t\t<p>TRISAVO GmbH is the specialist for holistic travel risk management. There are three strong German partners behind this: the Result Group, A3M Global and MD Medicus (global health service).<\/p>\t\t\t\t\t\t\t\t<\/div>\n\t\t\t\t<\/div>\n\t\t\t\t<div class=\"elementor-element elementor-element-ef4bf8c elementor-widget elementor-widget-button\" data-id=\"ef4bf8c\" data-element_type=\"widget\" data-e-type=\"widget\" data-widget_type=\"button.default\">\n\t\t\t\t<div class=\"elementor-widget-container\">\n\t\t\t\t\t\t\t\t\t<div class=\"elementor-button-wrapper\">\n\t\t\t\t\t<a class=\"elementor-button elementor-button-link elementor-size-sm\" href=\"https:\/\/www.trisavo.com\">\n\t\t\t\t\t\t<span class=\"elementor-button-content-wrapper\">\n\t\t\t\t\t\t\t\t\t<span class=\"elementor-button-text\">To the TRISAVO website<\/span>\n\t\t\t\t\t<\/span>\n\t\t\t\t\t<\/a>\n\t\t\t\t<\/div>\n\t\t\t\t\t\t\t\t<\/div>\n\t\t\t\t<\/div>\n\t\t\t\t<\/div>\n\t\t<div class=\"elementor-element elementor-element-25f8d73 e-con-full e-flex e-con e-child\" data-id=\"25f8d73\" data-element_type=\"container\" data-e-type=\"container\" data-settings=\"{&quot;background_background&quot;:&quot;classic&quot;}\">\n\t\t\t\t<div class=\"elementor-element elementor-element-f05ef87 elementor-widget elementor-widget-spacer\" data-id=\"f05ef87\" data-element_type=\"widget\" data-e-type=\"widget\" data-widget_type=\"spacer.default\">\n\t\t\t\t<div class=\"elementor-widget-container\">\n\t\t\t\t\t\t\t<div class=\"elementor-spacer\">\n\t\t\t<div class=\"elementor-spacer-inner\"><\/div>\n\t\t<\/div>\n\t\t\t\t\t\t<\/div>\n\t\t\t\t<\/div>\n\t\t<div class=\"elementor-element elementor-element-b341833 e-flex e-con-boxed e-con e-child\" data-id=\"b341833\" data-element_type=\"container\" data-e-type=\"container\">\n\t\t\t\t\t<div class=\"e-con-inner\">\n\t\t\t\t<div class=\"elementor-element elementor-element-1740ef5 elementor-widget elementor-widget-image\" data-id=\"1740ef5\" data-element_type=\"widget\" data-e-type=\"widget\" data-widget_type=\"image.default\">\n\t\t\t\t<div class=\"elementor-widget-container\">\n\t\t\t\t\t\t\t\t\t\t\t\t\t\t\t\t<a href=\"\/site\/wp-content\/uploads\/risk-map-2024.pdf\">\n\t\t\t\t\t\t\t<img fetchpriority=\"high\" decoding=\"async\" width=\"1000\" height=\"700\" src=\"https:\/\/result-group.com\/site\/wp-content\/uploads\/risk-map-2024.webp\" class=\"attachment-full size-full wp-image-15880\" alt=\"risk map 2024\" srcset=\"https:\/\/result-group.com\/site\/wp-content\/uploads\/risk-map-2024.webp 1000w, https:\/\/result-group.com\/site\/wp-content\/uploads\/risk-map-2024-300x210.webp 300w, https:\/\/result-group.com\/site\/wp-content\/uploads\/risk-map-2024-768x538.webp 768w\" sizes=\"(max-width: 1000px) 100vw, 1000px\" \/>\t\t\t\t\t\t\t\t<\/a>\n\t\t\t\t\t\t\t\t\t\t\t\t\t\t\t<\/div>\n\t\t\t\t<\/div>\n\t\t\t\t<div class=\"elementor-element elementor-element-0a04b0d elementor-widget elementor-widget-button\" data-id=\"0a04b0d\" data-element_type=\"widget\" data-e-type=\"widget\" data-widget_type=\"button.default\">\n\t\t\t\t<div class=\"elementor-widget-container\">\n\t\t\t\t\t\t\t\t\t<div class=\"elementor-button-wrapper\">\n\t\t\t\t\t<a class=\"elementor-button elementor-button-link elementor-size-sm\" href=\"\/site\/wp-content\/uploads\/risk-map-2024.pdf\">\n\t\t\t\t\t\t<span class=\"elementor-button-content-wrapper\">\n\t\t\t\t\t\t<span class=\"elementor-button-icon\">\n\t\t\t\t<i aria-hidden=\"true\" class=\"fas fa-download\"><\/i>\t\t\t<\/span>\n\t\t\t\t\t\t\t\t\t<span class=\"elementor-button-text\">Download Risk Map<\/span>\n\t\t\t\t\t<\/span>\n\t\t\t\t\t<\/a>\n\t\t\t\t<\/div>\n\t\t\t\t\t\t\t\t<\/div>\n\t\t\t\t<\/div>\n\t\t\t\t\t<\/div>\n\t\t\t\t<\/div>\n\t\t\t\t<\/div>\n\t\t\t\t\t<\/div>\n\t\t\t\t<\/div>\n\t\t\t\t<\/div>\n\t\t<div class=\"elementor-element elementor-element-81f8025 e-flex e-con-boxed e-con e-parent\" data-id=\"81f8025\" data-element_type=\"container\" data-e-type=\"container\">\n\t\t\t\t\t<div class=\"e-con-inner\">\n\t\t\t\t<div class=\"elementor-element elementor-element-715bef5 elementor-widget elementor-widget-heading\" data-id=\"715bef5\" data-element_type=\"widget\" data-e-type=\"widget\" data-widget_type=\"heading.default\">\n\t\t\t\t<div class=\"elementor-widget-container\">\n\t\t\t\t\t<h2 class=\"elementor-heading-title elementor-size-default\">Our risk classification \u2013 guidance when assessing countries and regions<\/h2>\t\t\t\t<\/div>\n\t\t\t\t<\/div>\n\t\t\t\t<div class=\"elementor-element elementor-element-ae2a209 productlist elementor-widget elementor-widget-text-editor\" data-id=\"ae2a209\" data-element_type=\"widget\" data-e-type=\"widget\" data-widget_type=\"text-editor.default\">\n\t\t\t\t<div class=\"elementor-widget-container\">\n\t\t\t\t\t\t\t\t\t<p>With our TRISAVO Risk Map 2024, we offer you guidance in assessing global security risks.<\/p><p>The risk classification is made up of assessments in the following categories:<\/p><ul><li>Entry and exit, transport (plane \/ air transport, local public transport, taxis, cars \/ rental cars, other means of transport)<\/li><li>Strike, infrastructure (money, telephone\/mobile communications, internet, electricity)<\/li><li>Health (vaccinations, infection risks, hygiene, health care)<\/li><li>Natural hazards and environment, security (crime, demonstrations\/unrest, terrorism, armed conflict)<\/li><li>Economic security (corruption, industrial espionage) and<\/li><li>Special risks (cultural peculiarities, LGBTQ, female travelers, criminal law peculiarities).<\/li><\/ul><p>\u00a0<\/p><p>A variety of factors therefore play a role in the classification of countries and regions. Countries and regions for which travelers should definitely inform themselves about country-specific risks before a trip are marked using the signal colors orange and red.\u00a0<\/p><p>In principle, however, safety-related information is important for travelers even in countries with a low risk rating.<\/p>\t\t\t\t\t\t\t\t<\/div>\n\t\t\t\t<\/div>\n\t\t\t\t<div class=\"elementor-element elementor-element-e23fc7f elementor-widget elementor-widget-image\" data-id=\"e23fc7f\" data-element_type=\"widget\" data-e-type=\"widget\" data-widget_type=\"image.default\">\n\t\t\t\t<div class=\"elementor-widget-container\">\n\t\t\t\t\t\t\t\t\t\t\t\t\t\t\t<img decoding=\"async\" width=\"1000\" height=\"96\" src=\"https:\/\/result-group.com\/site\/wp-content\/uploads\/gefahrenstufen-risikokarte.webp\" class=\"attachment-full size-full wp-image-14515\" alt=\"Risk Map 2024\" srcset=\"https:\/\/result-group.com\/site\/wp-content\/uploads\/gefahrenstufen-risikokarte.webp 1000w, https:\/\/result-group.com\/site\/wp-content\/uploads\/gefahrenstufen-risikokarte-300x29.webp 300w, https:\/\/result-group.com\/site\/wp-content\/uploads\/gefahrenstufen-risikokarte-768x74.webp 768w\" sizes=\"(max-width: 1000px) 100vw, 1000px\" \/>\t\t\t\t\t\t\t\t\t\t\t\t\t\t\t<\/div>\n\t\t\t\t<\/div>\n\t\t\t\t<div class=\"elementor-element elementor-element-6f72572 elementor-widget elementor-widget-heading\" data-id=\"6f72572\" data-element_type=\"widget\" data-e-type=\"widget\" data-widget_type=\"heading.default\">\n\t\t\t\t<div class=\"elementor-widget-container\">\n\t\t\t\t\t<h3 class=\"elementor-heading-title elementor-size-default\">Very high risk (red)<\/h3>\t\t\t\t<\/div>\n\t\t\t\t<\/div>\n\t\t\t\t<div class=\"elementor-element elementor-element-131dc1b productlist elementor-widget elementor-widget-text-editor\" data-id=\"131dc1b\" data-element_type=\"widget\" data-e-type=\"widget\" data-widget_type=\"text-editor.default\">\n\t\t\t\t<div class=\"elementor-widget-container\">\n\t\t\t\t\t\t\t\t\t<p>Traveling involves very high risks. The country or region can only be traveled to with significant restrictions. Before such a trip, comprehensive planning, including a safety concept, is essential. Government authorities generally advise against traveling to these areas as the security situation is extremely tense due to factors such as armed conflicts, terrorist organizations, serious violent crime and unrest. In many of these areas there is also a lack of government control and security forces and emergency services are often rarely available. Travel to such areas should only be undertaken with detailed information about the local situation and thorough preparation. It is the responsibility of the sending party to prepare employees specifically and thoroughly for such trips.<\/p>\t\t\t\t\t\t\t\t<\/div>\n\t\t\t\t<\/div>\n\t\t\t\t<div class=\"elementor-element elementor-element-f1c4b92 elementor-widget elementor-widget-heading\" data-id=\"f1c4b92\" data-element_type=\"widget\" data-e-type=\"widget\" data-widget_type=\"heading.default\">\n\t\t\t\t<div class=\"elementor-widget-container\">\n\t\t\t\t\t<h3 class=\"elementor-heading-title elementor-size-default\">High risk (orange)<\/h3>\t\t\t\t<\/div>\n\t\t\t\t<\/div>\n\t\t\t\t<div class=\"elementor-element elementor-element-352c67d productlist elementor-widget elementor-widget-text-editor\" data-id=\"352c67d\" data-element_type=\"widget\" data-e-type=\"widget\" data-widget_type=\"text-editor.default\">\n\t\t\t\t<div class=\"elementor-widget-container\">\n\t\t\t\t\t\t\t\t\t<p>Traveling involves high risks. The country and the region can usually only be traveled with major restrictions. Before traveling, essential precautions must be taken, such as developing a comprehensive security concept. Government authorities often advise against traveling to these areas, at least in certain regions. In some parts of the country there is an extremely tense security situation, characterized by armed conflicts, terrorist organizations, high levels of violent crime and frequent unrest. Additional security measures may be required on site. Access to affected areas may be severely limited for travelers and security forces and emergency services are often rarely available. Such areas should not be visited without detailed information about the local situation and adequate planning. Due to the duty of care, it is appropriate for the sending party to prepare the employees specifically and thoroughly for such trips.<\/p>\t\t\t\t\t\t\t\t<\/div>\n\t\t\t\t<\/div>\n\t\t\t\t<div class=\"elementor-element elementor-element-c111498 elementor-widget elementor-widget-heading\" data-id=\"c111498\" data-element_type=\"widget\" data-e-type=\"widget\" data-widget_type=\"heading.default\">\n\t\t\t\t<div class=\"elementor-widget-container\">\n\t\t\t\t\t<h3 class=\"elementor-heading-title elementor-size-default\">Increased risk (yellow)<\/h3>\t\t\t\t<\/div>\n\t\t\t\t<\/div>\n\t\t\t\t<div class=\"elementor-element elementor-element-64ddffe productlist elementor-widget elementor-widget-text-editor\" data-id=\"64ddffe\" data-element_type=\"widget\" data-e-type=\"widget\" data-widget_type=\"text-editor.default\">\n\t\t\t\t<div class=\"elementor-widget-container\">\n\t\t\t\t\t\t\t\t\t<p>Traveling is associated with increased risks. However, the country or region can be traveled without extensive precautions. The security situation may be tense due to widespread violent crime and there may be significant health risks, natural hazards or other special risks about which government authorities usually warn. Prolonged, violent protests are often not atypical locally. Overall, dynamic changes in the situation must be expected, but precautionary planning is usually comparatively easy to implement because security and healthcare systems are usually functionally in place. Such areas should not be traveled to without prior information about the local situation and established emergency preparedness. Due to the duty of care, it is appropriate for the sending party to prepare employees for such trips.<\/p>\t\t\t\t\t\t\t\t<\/div>\n\t\t\t\t<\/div>\n\t\t\t\t<div class=\"elementor-element elementor-element-d1b9709 elementor-widget elementor-widget-heading\" data-id=\"d1b9709\" data-element_type=\"widget\" data-e-type=\"widget\" data-widget_type=\"heading.default\">\n\t\t\t\t<div class=\"elementor-widget-container\">\n\t\t\t\t\t<h3 class=\"elementor-heading-title elementor-size-default\">Low risk (light green)<\/h3>\t\t\t\t<\/div>\n\t\t\t\t<\/div>\n\t\t\t\t<div class=\"elementor-element elementor-element-f81f525 productlist elementor-widget elementor-widget-text-editor\" data-id=\"f81f525\" data-element_type=\"widget\" data-e-type=\"widget\" data-widget_type=\"text-editor.default\">\n\t\t\t\t<div class=\"elementor-widget-container\">\n\t\t\t\t\t\t\t\t\t<p>Traveling is associated with low risks. The country or region can be traveled with few restrictions. There are identifiable risks, mostly in areas such as strikes, health, natural hazards, crime and\/or demonstrations, which may affect travel and require special measures. The security and health system is good overall and comparable to the domestic level. Due to the sending party&#039;s duty of care, such destinations require appropriate preparation on the part of the employee, for example through information about the existing risks and basic emergency preparedness.<\/p>\t\t\t\t\t\t\t\t<\/div>\n\t\t\t\t<\/div>\n\t\t\t\t<div class=\"elementor-element elementor-element-ea90e20 elementor-widget elementor-widget-heading\" data-id=\"ea90e20\" data-element_type=\"widget\" data-e-type=\"widget\" data-widget_type=\"heading.default\">\n\t\t\t\t<div class=\"elementor-widget-container\">\n\t\t\t\t\t<h3 class=\"elementor-heading-title elementor-size-default\">Very low risk (dark green)<\/h3>\t\t\t\t<\/div>\n\t\t\t\t<\/div>\n\t\t\t\t<div class=\"elementor-element elementor-element-b36b620 productlist elementor-widget elementor-widget-text-editor\" data-id=\"b36b620\" data-element_type=\"widget\" data-e-type=\"widget\" data-widget_type=\"text-editor.default\">\n\t\t\t\t<div class=\"elementor-widget-container\">\n\t\t\t\t\t\t\t\t\t<p>Travel is usually associated with very low risks. The country or region can be traveled without restrictions. Violent crime against travelers is rare and there are no significant risks from natural or health hazards. Security forces and emergency services are reliable and easily accessible. The transport and infrastructure meet high standards. Although terrorist organizations could exist, they do not pose an immediate threat, but an abstract terrorist threat cannot be completely ruled out. Violent protests are rather unusual and usually localized. Strikes rarely affect essential services such as police and medical care. Storms do occur, but are rarely destructive on a large scale. Overall, the risk situation is very comparable to the domestic level. Due to the duty of care, the sending party should prepare employees for such destinations, for example by providing information on identifiable risks and basic emergency preparedness.<\/p>\t\t\t\t\t\t\t\t<\/div>\n\t\t\t\t<\/div>\n\t\t\t\t\t<\/div>\n\t\t\t\t<\/div>\n\t\t\t\t<\/div>","protected":false},"excerpt":{"rendered":"<p>SICHERHEITSL\u00d6SUNGEN\u00a0 &gt; Risikokarte 2024\u00a0 Risikokarte 2024 TRISAVO steht f\u00fcr den Schutz der Gesundheit und der Sicherheit von Mitarbeitern im Ausland. Seit 2014 vertrauen mittelst\u00e4ndische Unternehmen, Konzerne und Versicherer auf unsere Expertise. Auch 2024 ver\u00f6ffentlichen wir gemeinsam mit unseren Partnern die TRISAVO Risikokarte. Travel Risk Management \u2013 Made in Germany Die TRISAVO GmbH ist der Spezialist [&hellip;]<\/p>\n","protected":false},"author":2,"featured_media":0,"parent":0,"menu_order":0,"comment_status":"closed","ping_status":"closed","template":"","meta":{"_seopress_robots_primary_cat":"","_seopress_titles_title":"Risikokarte 2024 | Unternehmen","_seopress_titles_desc":"Unsere Risiko-Einstufung \u2013 Orientierung bei der Einsch\u00e4tzung von L\u00e4ndern und Regionen. Travel Risk Management.","_seopress_robots_index":"","footnotes":""},"class_list":["post-14499","page","type-page","status-publish"],"_links":{"self":[{"href":"https:\/\/result-group.com\/en\/wp-json\/wp\/v2\/pages\/14499","targetHints":{"allow":["GET"]}}],"collection":[{"href":"https:\/\/result-group.com\/en\/wp-json\/wp\/v2\/pages"}],"about":[{"href":"https:\/\/result-group.com\/en\/wp-json\/wp\/v2\/types\/page"}],"author":[{"embeddable":true,"href":"https:\/\/result-group.com\/en\/wp-json\/wp\/v2\/users\/2"}],"replies":[{"embeddable":true,"href":"https:\/\/result-group.com\/en\/wp-json\/wp\/v2\/comments?post=14499"}],"version-history":[{"count":0,"href":"https:\/\/result-group.com\/en\/wp-json\/wp\/v2\/pages\/14499\/revisions"}],"wp:attachment":[{"href":"https:\/\/result-group.com\/en\/wp-json\/wp\/v2\/media?parent=14499"}],"curies":[{"name":"wp","href":"https:\/\/api.w.org\/{rel}","templated":true}]}}